{"id":15,"date":"2023-01-15T12:40:58","date_gmt":"2023-01-15T09:40:58","guid":{"rendered":"http:\/\/tugcearioz.com\/?page_id=15"},"modified":"2025-12-04T03:05:25","modified_gmt":"2025-12-04T00:05:25","slug":"anasayfa","status":"publish","type":"page","link":"https:\/\/tugcearioz.com\/","title":{"rendered":"Home"},"content":{"rendered":"\t\t<div data-elementor-type=\"wp-page\" data-elementor-id=\"15\" class=\"elementor elementor-15\">\n\t\t\t\t\t\t\t\t\t<section class=\"elementor-section elementor-top-section elementor-element elementor-element-861e383 elementor-section-boxed elementor-section-height-default elementor-section-height-default\" data-id=\"861e383\" data-element_type=\"section\">\n\t\t\t\t\t\t<div class=\"elementor-container elementor-column-gap-default\">\n\t\t\t\t\t<div class=\"elementor-column elementor-col-100 elementor-top-column elementor-element elementor-element-4743b5a\" data-id=\"4743b5a\" data-element_type=\"column\">\n\t\t\t<div class=\"elementor-widget-wrap\">\n\t\t\t\t\t\t\t\t\t<\/div>\n\t\t<\/div>\n\t\t\t\t\t\t\t<\/div>\n\t\t<\/section>\n\t\t\t\t<section class=\"elementor-section elementor-top-section elementor-element elementor-element-09517de elementor-section-boxed elementor-section-height-default elementor-section-height-default\" data-id=\"09517de\" data-element_type=\"section\">\n\t\t\t\t\t\t<div class=\"elementor-container elementor-column-gap-default\">\n\t\t\t\t\t<div class=\"elementor-column elementor-col-100 elementor-top-column elementor-element elementor-element-a5a9e38\" data-id=\"a5a9e38\" data-element_type=\"column\">\n\t\t\t<div class=\"elementor-widget-wrap\">\n\t\t\t\t\t\t\t\t\t<\/div>\n\t\t<\/div>\n\t\t\t\t\t\t\t<\/div>\n\t\t<\/section>\n\t\t\t\t<section class=\"elementor-section elementor-top-section elementor-element elementor-element-490d37f elementor-section-boxed elementor-section-height-default elementor-section-height-default\" data-id=\"490d37f\" data-element_type=\"section\">\n\t\t\t\t\t\t<div class=\"elementor-container elementor-column-gap-default\">\n\t\t\t\t\t<div class=\"elementor-column elementor-col-100 elementor-top-column elementor-element elementor-element-72e42e6\" data-id=\"72e42e6\" data-element_type=\"column\">\n\t\t\t<div class=\"elementor-widget-wrap\">\n\t\t\t\t\t\t\t\t\t<\/div>\n\t\t<\/div>\n\t\t\t\t\t\t\t<\/div>\n\t\t<\/section>\n\t\t\t\t<section class=\"elementor-section elementor-top-section elementor-element elementor-element-c1f8f95 elementor-section-full_width elementor-section-height-min-height elementor-section-stretched elementor-section-items-top elementor-section-height-default\" data-id=\"c1f8f95\" data-element_type=\"section\" data-settings=\"{&quot;stretch_section&quot;:&quot;section-stretched&quot;}\">\n\t\t\t\t\t\t<div class=\"elementor-container elementor-column-gap-no\">\n\t\t\t\t\t<div class=\"elementor-column elementor-col-50 elementor-top-column elementor-element elementor-element-93e0f08\" data-id=\"93e0f08\" data-element_type=\"column\">\n\t\t\t<div class=\"elementor-widget-wrap elementor-element-populated\">\n\t\t\t\t\t\t\t\t<div class=\"elementor-element elementor-element-03e2527 elementor-widget__width-inherit elementor-widget elementor-widget-image\" data-id=\"03e2527\" data-element_type=\"widget\" data-widget_type=\"image.default\">\n\t\t\t\t<div class=\"elementor-widget-container\">\n\t\t\t<style>\/*! elementor - v3.10.0 - 09-01-2023 *\/\n.elementor-widget-image{text-align:center}.elementor-widget-image a{display:inline-block}.elementor-widget-image a img[src$=\".svg\"]{width:48px}.elementor-widget-image img{vertical-align:middle;display:inline-block}<\/style>\t\t\t\t\t\t\t\t\t\t\t\t<img loading=\"lazy\" decoding=\"async\" width=\"1024\" height=\"1024\" src=\"https:\/\/tugcearioz.com\/wp-content\/uploads\/2024\/04\/IMG_3447-1-1024x1024.jpeg\" class=\"attachment-large size-large wp-image-1160\" alt=\"\" srcset=\"https:\/\/tugcearioz.com\/wp-content\/uploads\/2024\/04\/IMG_3447-1-1024x1024.jpeg 1024w, https:\/\/tugcearioz.com\/wp-content\/uploads\/2024\/04\/IMG_3447-1-300x300.jpeg 300w, https:\/\/tugcearioz.com\/wp-content\/uploads\/2024\/04\/IMG_3447-1-150x150.jpeg 150w, https:\/\/tugcearioz.com\/wp-content\/uploads\/2024\/04\/IMG_3447-1-768x768.jpeg 768w, https:\/\/tugcearioz.com\/wp-content\/uploads\/2024\/04\/IMG_3447-1-1536x1536.jpeg 1536w, https:\/\/tugcearioz.com\/wp-content\/uploads\/2024\/04\/IMG_3447-1-600x600.jpeg 600w, https:\/\/tugcearioz.com\/wp-content\/uploads\/2024\/04\/IMG_3447-1-100x100.jpeg 100w, https:\/\/tugcearioz.com\/wp-content\/uploads\/2024\/04\/IMG_3447-1.jpeg 1548w\" sizes=\"auto, (max-width: 1024px) 100vw, 1024px\" \/>\t\t\t\t\t\t\t\t\t\t\t\t\t\t\t<\/div>\n\t\t\t\t<\/div>\n\t\t\t\t\t<\/div>\n\t\t<\/div>\n\t\t\t\t<div class=\"elementor-column elementor-col-50 elementor-top-column elementor-element elementor-element-d44a925\" data-id=\"d44a925\" data-element_type=\"column\">\n\t\t\t<div class=\"elementor-widget-wrap elementor-element-populated\">\n\t\t\t\t\t\t\t\t<div class=\"elementor-element elementor-element-5c86040 elementor-widget elementor-widget-html\" data-id=\"5c86040\" data-element_type=\"widget\" data-widget_type=\"html.default\">\n\t\t\t\t<div class=\"elementor-widget-container\">\n\t\t\t\n<div class=\"elementor-widget-wrap elementor-element-populated\">\n    \n\t\t\t\t\t\t\t\t<section class=\"elementor-section elementor-inner-section elementor-element elementor-element-5a3a398c elementor-section-full_width elementor-section-height-default elementor-section-height-default\" data-id=\"5a3a398c\" data-element_type=\"section\">\n\t\t\t\t\t\t\t\t    \t\t\t<div class=\"elementor-column elementor-col-50 elementor-inner-column elementor-element elementor-element-66749a75\" data-id=\"66749a75\" data-element_type=\"column\">\n\t\t\t<div class=\"elementor-widget-wrap elementor-element-populated\">\n\t\t\t<div class=\"elementor-element elementor-element-37f61a04 elementor-widget elementor-widget-image is-mac\" data-id=\"37f61a04\" data-element_type=\"widget\" data-widget_type=\"image.default\">\n\t\t\t\t<div class=\"elementor-widget-container\">\n\t\t\t\t\t<img decoding=\"async\" src=\"https:\/\/tugcearioz.com\/wp-content\/uploads\/2023\/04\/itara-ring.png\" class=\"attachment-large size-large wp-image-6141\" alt=\"\" loading=\"lazy\">\t\n\t\t\t\t\t<\/div>\n\t\t    \t<\/div>\n\t\t    <\/div>\n\t\t <\/div>\t\t\t\t\t\t    \n\t\t\t\t\t\t<div class=\"elementor-container elementor-column-gap-default\">\n\n\t\t\t\t\t<div class=\"elementor-column elementor-col-50 elementor-inner-column elementor-element elementor-element-254bbe96\" data-id=\"254bbe96\" data-element_type=\"column\">\n\t\t\t<div class=\"elementor-widget-wrap elementor-element-populated\">\n\t\t\t\t\t\t\t\t<div class=\"elementor-element elementor-element-231e7811 elementor-widget elementor-widget-heading is-mac\" data-id=\"231e7811\" data-element_type=\"widget\" data-widget_type=\"heading.default\">\n\t\t\t\t<div class=\"elementor-widget-container\">\n    <h2 class=\"elementor-heading-title elementor-size-default\">Exhibitions<\/h2>\t\t\n            <\/div>\n\t\t\t\t<\/div>\n\t\t\t\t\t<\/div>\n\t\t<\/div>\n\t\n\t\t<\/div>\n    <\/section>\n<\/div>\n\t\t<\/div>\n\t\t\t\t<\/div>\n\t\t\t\t<div class=\"elementor-element elementor-element-f728e51 elementor-widget elementor-widget-wpkoi-advanced-heading\" data-id=\"f728e51\" data-element_type=\"widget\" data-widget_type=\"wpkoi-advanced-heading.default\">\n\t\t\t\t<div class=\"elementor-widget-container\">\n\t\t\t<div id =\"f728e51\" class=\"wpkoi-advanced-heading\"><h5 class=\"wpkoi-heading-title\"\"><a href=\"https:\/\/digitaliseum.org\/exhibitions.html\" target=\"_blank\"><div class=\"wpkoi-main-heading\"><div class=\"wpkoi-main-heading-inner\"  id=\"wpkoi-heading-title-f728e51\"><span>06 December 2025 - 25 April 2026 'My First Solo Exhibition' \"Digital Whispers of Memory\" DIGITALISEUM \/ Malm\u00f6 - Sweden<\/span><\/div><\/div><\/a><\/h5><\/div>\t\t<\/div>\n\t\t\t\t<\/div>\n\t\t\t\t<div class=\"elementor-element elementor-element-082435a elementor-widget elementor-widget-wpkoi-advanced-heading\" data-id=\"082435a\" data-element_type=\"widget\" data-widget_type=\"wpkoi-advanced-heading.default\">\n\t\t\t\t<div class=\"elementor-widget-container\">\n\t\t\t<div id =\"082435a\" class=\"wpkoi-advanced-heading\"><h5 class=\"wpkoi-heading-title\"\"><div class=\"wpkoi-main-heading\"><div class=\"wpkoi-main-heading-inner\"  id=\"wpkoi-heading-title-082435a\"><span> <\/span><\/div><\/div><\/h5><\/div>\t\t<\/div>\n\t\t\t\t<\/div>\n\t\t\t\t<div class=\"elementor-element elementor-element-e1ffb40 elementor-widget elementor-widget-wpkoi-advanced-heading\" data-id=\"e1ffb40\" data-element_type=\"widget\" data-widget_type=\"wpkoi-advanced-heading.default\">\n\t\t\t\t<div class=\"elementor-widget-container\">\n\t\t\t<div id =\"e1ffb40\" class=\"wpkoi-advanced-heading\"><h5 class=\"wpkoi-heading-title\"\"><a href=\"https:\/\/artdogistanbul.com\/eart-galeride-istisnalarin-ihtimali\/?fbclid=PAZXh0bgNhZW0CMTEAc3J0YwZhcHBfaWQPMTI0MDI0NTc0Mjg3NDE0AAGnPL9ME70-34VMhvmi5eF_JPHoLvyNleFrtcpm_9EjvKxK6O36S7xOmq2UtKQ_aem_U6MQ-y-6gfLwI4TmPWrHnQ\" target=\"_blank\"><div class=\"wpkoi-main-heading\"><div class=\"wpkoi-main-heading-inner\"  id=\"wpkoi-heading-title-e1ffb40\"><span>04 December 2025 - 18 January 2026 \u201c\u0130stisnalar\u0131n \u0130htimali\u201d EArt Galeri<\/span><\/div><\/div><\/a><\/h5><\/div>\t\t<\/div>\n\t\t\t\t<\/div>\n\t\t\t\t<div class=\"elementor-element elementor-element-6ecf399 elementor-widget elementor-widget-wpkoi-advanced-heading\" data-id=\"6ecf399\" data-element_type=\"widget\" data-widget_type=\"wpkoi-advanced-heading.default\">\n\t\t\t\t<div class=\"elementor-widget-container\">\n\t\t\t<div id =\"6ecf399\" class=\"wpkoi-advanced-heading\"><h5 class=\"wpkoi-heading-title\"\"><div class=\"wpkoi-main-heading\"><div class=\"wpkoi-main-heading-inner\"  id=\"wpkoi-heading-title-6ecf399\"><span> <\/span><\/div><\/div><\/h5><\/div>\t\t<\/div>\n\t\t\t\t<\/div>\n\t\t\t\t<div class=\"elementor-element elementor-element-f6515f9 elementor-widget elementor-widget-wpkoi-advanced-heading\" data-id=\"f6515f9\" data-element_type=\"widget\" data-widget_type=\"wpkoi-advanced-heading.default\">\n\t\t\t\t<div class=\"elementor-widget-container\">\n\t\t\t<div id =\"f6515f9\" class=\"wpkoi-advanced-heading\"><h5 class=\"wpkoi-heading-title\"\"><a href=\"https:\/\/www.artfulliving.com.tr\/gundem\/yaratici-endustriler-red-100-sergisi-ile-42de-i-28990\" target=\"_blank\"><div class=\"wpkoi-main-heading\"><div class=\"wpkoi-main-heading-inner\"  id=\"wpkoi-heading-title-f6515f9\"><span>\u2022 27 October - 10 November 2023 \u201cRed 100\u201d  - 42 Maslak<\/span><\/div><\/div><\/a><\/h5><\/div>\t\t<\/div>\n\t\t\t\t<\/div>\n\t\t\t\t<div class=\"elementor-element elementor-element-bc5d9ba elementor-widget elementor-widget-wpkoi-advanced-heading\" data-id=\"bc5d9ba\" data-element_type=\"widget\" data-widget_type=\"wpkoi-advanced-heading.default\">\n\t\t\t\t<div class=\"elementor-widget-container\">\n\t\t\t<div id =\"bc5d9ba\" class=\"wpkoi-advanced-heading\"><h5 class=\"wpkoi-heading-title\"\"><div class=\"wpkoi-main-heading\"><div class=\"wpkoi-main-heading-inner\"  id=\"wpkoi-heading-title-bc5d9ba\"><span> <\/span><\/div><\/div><\/h5><\/div>\t\t<\/div>\n\t\t\t\t<\/div>\n\t\t\t\t<div class=\"elementor-element elementor-element-fdf0233 elementor-widget elementor-widget-wpkoi-advanced-heading\" data-id=\"fdf0233\" data-element_type=\"widget\" data-widget_type=\"wpkoi-advanced-heading.default\">\n\t\t\t\t<div class=\"elementor-widget-container\">\n\t\t\t<div id =\"fdf0233\" class=\"wpkoi-advanced-heading\"><h5 class=\"wpkoi-heading-title\"\"><a href=\"https:\/\/kultursanat.istanbul\/artistanbul-feshane-acildi\/\" target=\"_blank\"><div class=\"wpkoi-main-heading\"><div class=\"wpkoi-main-heading-inner\"  id=\"wpkoi-heading-title-fdf0233\"><span>\u2022 23 June - 15 October 2023 \u201cOrtadan Ba\u015flamak\u201d - ArtIstanbul Feshane<\/span><\/div><\/div><\/a><\/h5><\/div>\t\t<\/div>\n\t\t\t\t<\/div>\n\t\t\t\t<div class=\"elementor-element elementor-element-d8b3854 elementor-widget elementor-widget-wpkoi-advanced-heading\" data-id=\"d8b3854\" data-element_type=\"widget\" data-widget_type=\"wpkoi-advanced-heading.default\">\n\t\t\t\t<div class=\"elementor-widget-container\">\n\t\t\t<div id =\"d8b3854\" class=\"wpkoi-advanced-heading\"><h5 class=\"wpkoi-heading-title\"\"><div class=\"wpkoi-main-heading\"><div class=\"wpkoi-main-heading-inner\"  id=\"wpkoi-heading-title-d8b3854\"><span> <\/span><\/div><\/div><\/h5><\/div>\t\t<\/div>\n\t\t\t\t<\/div>\n\t\t\t\t<div class=\"elementor-element elementor-element-1a39a90 elementor-widget elementor-widget-wpkoi-advanced-heading\" data-id=\"1a39a90\" data-element_type=\"widget\" data-widget_type=\"wpkoi-advanced-heading.default\">\n\t\t\t\t<div class=\"elementor-widget-container\">\n\t\t\t<div id =\"1a39a90\" class=\"wpkoi-advanced-heading\"><h5 class=\"wpkoi-heading-title\"\"><a href=\"https:\/\/www.instagram.com\/p\/Cpjw6gPoh2D\/?utm_source=ig_web_copy_link\" target=\"_blank\"><div class=\"wpkoi-main-heading\"><div class=\"wpkoi-main-heading-inner\"  id=\"wpkoi-heading-title-1a39a90\"><span>\u2022 21 March - 29 April 2023 \u201cYeniden Cesur D\u00fcnya\u201d - Evin Sanat Galerisi<\/span><\/div><\/div><\/a><\/h5><\/div>\t\t<\/div>\n\t\t\t\t<\/div>\n\t\t\t\t<div class=\"elementor-element elementor-element-96fc06f elementor-widget elementor-widget-wpkoi-advanced-heading\" data-id=\"96fc06f\" data-element_type=\"widget\" data-widget_type=\"wpkoi-advanced-heading.default\">\n\t\t\t\t<div class=\"elementor-widget-container\">\n\t\t\t<div id =\"96fc06f\" class=\"wpkoi-advanced-heading\"><h5 class=\"wpkoi-heading-title\"\"><div class=\"wpkoi-main-heading\"><div class=\"wpkoi-main-heading-inner\"  id=\"wpkoi-heading-title-96fc06f\"><span> <\/span><\/div><\/div><\/h5><\/div>\t\t<\/div>\n\t\t\t\t<\/div>\n\t\t\t\t<div class=\"elementor-element elementor-element-65a28bd elementor-widget elementor-widget-wpkoi-advanced-heading\" data-id=\"65a28bd\" data-element_type=\"widget\" data-widget_type=\"wpkoi-advanced-heading.default\">\n\t\t\t\t<div class=\"elementor-widget-container\">\n\t\t\t<div id =\"65a28bd\" class=\"wpkoi-advanced-heading\"><h5 class=\"wpkoi-heading-title\"\"><a href=\"https:\/\/sanatokur.com\/1002-gece-sergisi-9-martta-taksim-sanatta-aciliyor\/\" target=\"_blank\"><div class=\"wpkoi-main-heading\"><div class=\"wpkoi-main-heading-inner\"  id=\"wpkoi-heading-title-65a28bd\"><span>\u2022 9 March - 23 April 2023 \u201c1002. Gece\u201d - Taksim Sanat Galerisi<\/span><\/div><\/div><\/a><\/h5><\/div>\t\t<\/div>\n\t\t\t\t<\/div>\n\t\t\t\t<div class=\"elementor-element elementor-element-f5018f9 elementor-widget elementor-widget-wpkoi-advanced-heading\" data-id=\"f5018f9\" data-element_type=\"widget\" data-widget_type=\"wpkoi-advanced-heading.default\">\n\t\t\t\t<div class=\"elementor-widget-container\">\n\t\t\t<div id =\"f5018f9\" class=\"wpkoi-advanced-heading\"><h5 class=\"wpkoi-heading-title\"\"><a href=\"https:\/\/sanatokur.com\/1002-gece-sergisi-7-subatta-taksim-sanatta-aciliyor\/\" target=\"_blank\"><div class=\"wpkoi-main-heading\"><div class=\"wpkoi-main-heading-inner\"  id=\"wpkoi-heading-title-f5018f9\"><span> <\/span><\/div><\/div><\/a><\/h5><\/div>\t\t<\/div>\n\t\t\t\t<\/div>\n\t\t\t\t\t<\/div>\n\t\t<\/div>\n\t\t\t\t\t\t\t<\/div>\n\t\t<\/section>\n\t\t\t\t<section class=\"elementor-section elementor-top-section elementor-element elementor-element-dcd7e2b elementor-section-full_width elementor-section-stretched elementor-section-height-default elementor-section-height-default\" data-id=\"dcd7e2b\" data-element_type=\"section\" data-settings=\"{&quot;stretch_section&quot;:&quot;section-stretched&quot;,&quot;background_background&quot;:&quot;classic&quot;}\">\n\t\t\t\t\t\t\t<div class=\"elementor-background-overlay\"><\/div>\n\t\t\t\t\t\t\t<div class=\"elementor-container elementor-column-gap-no\">\n\t\t\t\t\t<div class=\"elementor-column elementor-col-50 elementor-top-column elementor-element elementor-element-2e6bd87\" data-id=\"2e6bd87\" data-element_type=\"column\" data-settings=\"{&quot;background_background&quot;:&quot;classic&quot;}\">\n\t\t\t<div class=\"elementor-widget-wrap elementor-element-populated\">\n\t\t\t\t\t\t\t\t<div class=\"elementor-element elementor-element-dfb76b2 elementor-widget elementor-widget-wpkoi-advanced-heading\" data-id=\"dfb76b2\" data-element_type=\"widget\" data-widget_type=\"wpkoi-advanced-heading.default\">\n\t\t\t\t<div class=\"elementor-widget-container\">\n\t\t\t<div id =\"dfb76b2\" class=\"wpkoi-advanced-heading\"><h2 class=\"wpkoi-heading-title\"\"><div class=\"wpkoi-main-heading\"><div class=\"wpkoi-main-heading-inner\"  id=\"wpkoi-heading-title-dfb76b2\"><span>Rupa Art...<\/span><\/div><\/div><\/h2><\/div>\t\t<\/div>\n\t\t\t\t<\/div>\n\t\t\t\t\t<\/div>\n\t\t<\/div>\n\t\t\t\t<div class=\"elementor-column elementor-col-50 elementor-top-column elementor-element elementor-element-e45e442\" data-id=\"e45e442\" data-element_type=\"column\">\n\t\t\t<div class=\"elementor-widget-wrap elementor-element-populated\">\n\t\t\t\t\t\t\t\t<div class=\"elementor-element elementor-element-7efafb6 elementor-align-right elementor-mobile-align-right elementor-widget elementor-widget-button\" data-id=\"7efafb6\" data-element_type=\"widget\" data-widget_type=\"button.default\">\n\t\t\t\t<div class=\"elementor-widget-container\">\n\t\t\t\t\t<div class=\"elementor-button-wrapper\">\n\t\t\t<a href=\"\/index.php\/rupa\/\" class=\"elementor-button-link elementor-button elementor-size-sm\" role=\"button\">\n\t\t\t\t\t\t<span class=\"elementor-button-content-wrapper\">\n\t\t\t\t\t\t\t<span class=\"elementor-button-icon elementor-align-icon-right\">\n\t\t\t\t<i aria-hidden=\"true\" class=\"fas fa-caret-right\"><\/i>\t\t\t<\/span>\n\t\t\t\t\t\t<span class=\"elementor-button-text\">READ MORE<\/span>\n\t\t<\/span>\n\t\t\t\t\t<\/a>\n\t\t<\/div>\n\t\t\t\t<\/div>\n\t\t\t\t<\/div>\n\t\t\t\t\t<\/div>\n\t\t<\/div>\n\t\t\t\t\t\t\t<\/div>\n\t\t<\/section>\n\t\t\t\t<section class=\"elementor-section elementor-top-section elementor-element elementor-element-3afc796 elementor-section-full_width elementor-section-stretched elementor-section-content-middle elementor-section-height-default elementor-section-height-default\" data-id=\"3afc796\" data-element_type=\"section\" data-settings=\"{&quot;stretch_section&quot;:&quot;section-stretched&quot;}\">\n\t\t\t\t\t\t<div class=\"elementor-container elementor-column-gap-no\">\n\t\t\t\t\t<div class=\"elementor-column elementor-col-50 elementor-top-column elementor-element elementor-element-b583560\" data-id=\"b583560\" data-element_type=\"column\">\n\t\t\t<div class=\"elementor-widget-wrap elementor-element-populated\">\n\t\t\t\t\t\t\t\t<div class=\"elementor-element elementor-element-582e7c2 elementor-widget__width-inherit elementor-widget elementor-widget-image\" data-id=\"582e7c2\" data-element_type=\"widget\" data-widget_type=\"image.default\">\n\t\t\t\t<div class=\"elementor-widget-container\">\n\t\t\t\t\t\t\t\t\t\t\t\t\t\t\t<img loading=\"lazy\" decoding=\"async\" width=\"480\" height=\"480\" src=\"https:\/\/tugcearioz.com\/wp-content\/uploads\/2023\/01\/IMG_4160.gif\" class=\"attachment-large size-large wp-image-52\" alt=\"\" \/>\t\t\t\t\t\t\t\t\t\t\t\t\t\t\t<\/div>\n\t\t\t\t<\/div>\n\t\t\t\t\t<\/div>\n\t\t<\/div>\n\t\t\t\t<div class=\"elementor-column elementor-col-50 elementor-top-column elementor-element elementor-element-d5afa06\" data-id=\"d5afa06\" data-element_type=\"column\">\n\t\t\t<div class=\"elementor-widget-wrap elementor-element-populated\">\n\t\t\t\t\t\t\t\t<div class=\"elementor-element elementor-element-54d56bb elementor-widget__width-inherit elementor-widget elementor-widget-image\" data-id=\"54d56bb\" data-element_type=\"widget\" data-widget_type=\"image.default\">\n\t\t\t\t<div class=\"elementor-widget-container\">\n\t\t\t\t\t\t\t\t\t\t\t\t\t\t\t<img loading=\"lazy\" decoding=\"async\" width=\"480\" height=\"480\" src=\"https:\/\/tugcearioz.com\/wp-content\/uploads\/2023\/01\/IMG_4161.gif\" class=\"attachment-large size-large wp-image-116\" alt=\"\" \/>\t\t\t\t\t\t\t\t\t\t\t\t\t\t\t<\/div>\n\t\t\t\t<\/div>\n\t\t\t\t\t<\/div>\n\t\t<\/div>\n\t\t\t\t\t\t\t<\/div>\n\t\t<\/section>\n\t\t\t\t\t\t\t<\/div>\n\t\t","protected":false},"excerpt":{"rendered":"<p>Exhibitions<\/p>\n","protected":false},"author":1,"featured_media":0,"parent":0,"menu_order":0,"comment_status":"closed","ping_status":"closed","template":"","meta":{"footnotes":""},"class_list":["post-15","page","type-page","status-publish"],"_links":{"self":[{"href":"https:\/\/tugcearioz.com\/index.php\/wp-json\/wp\/v2\/pages\/15","targetHints":{"allow":["GET"]}}],"collection":[{"href":"https:\/\/tugcearioz.com\/index.php\/wp-json\/wp\/v2\/pages"}],"about":[{"href":"https:\/\/tugcearioz.com\/index.php\/wp-json\/wp\/v2\/types\/page"}],"author":[{"embeddable":true,"href":"https:\/\/tugcearioz.com\/index.php\/wp-json\/wp\/v2\/users\/1"}],"replies":[{"embeddable":true,"href":"https:\/\/tugcearioz.com\/index.php\/wp-json\/wp\/v2\/comments?post=15"}],"version-history":[{"count":405,"href":"https:\/\/tugcearioz.com\/index.php\/wp-json\/wp\/v2\/pages\/15\/revisions"}],"predecessor-version":[{"id":1349,"href":"https:\/\/tugcearioz.com\/index.php\/wp-json\/wp\/v2\/pages\/15\/revisions\/1349"}],"wp:attachment":[{"href":"https:\/\/tugcearioz.com\/index.php\/wp-json\/wp\/v2\/media?parent=15"}],"curies":[{"name":"wp","href":"https:\/\/api.w.org\/{rel}","templated":true}]}}