{"id":29,"date":"2023-01-15T12:50:26","date_gmt":"2023-01-15T09:50:26","guid":{"rendered":"http:\/\/tugcearioz.com\/?page_id=29"},"modified":"2025-12-04T03:38:33","modified_gmt":"2025-12-04T00:38:33","slug":"biography","status":"publish","type":"page","link":"https:\/\/tugcearioz.com\/index.php\/biography\/","title":{"rendered":"Biography"},"content":{"rendered":"\t\t<div data-elementor-type=\"wp-page\" data-elementor-id=\"29\" class=\"elementor elementor-29\">\n\t\t\t\t\t\t\t\t\t<section class=\"elementor-section elementor-top-section elementor-element elementor-element-2e6db6c elementor-section-boxed elementor-section-height-default elementor-section-height-default\" data-id=\"2e6db6c\" data-element_type=\"section\">\n\t\t\t\t\t\t<div class=\"elementor-container elementor-column-gap-default\">\n\t\t\t\t\t<div class=\"elementor-column elementor-col-100 elementor-top-column elementor-element elementor-element-994b8d2\" data-id=\"994b8d2\" data-element_type=\"column\">\n\t\t\t<div class=\"elementor-widget-wrap elementor-element-populated\">\n\t\t\t\t\t\t\t\t<div class=\"elementor-element elementor-element-5122cab elementor-widget elementor-widget-text-editor\" data-id=\"5122cab\" data-element_type=\"widget\" data-widget_type=\"text-editor.default\">\n\t\t\t\t<div class=\"elementor-widget-container\">\n\t\t\t<style>\/*! elementor - v3.10.0 - 09-01-2023 *\/\n.elementor-widget-text-editor.elementor-drop-cap-view-stacked .elementor-drop-cap{background-color:#818a91;color:#fff}.elementor-widget-text-editor.elementor-drop-cap-view-framed .elementor-drop-cap{color:#818a91;border:3px solid;background-color:transparent}.elementor-widget-text-editor:not(.elementor-drop-cap-view-default) .elementor-drop-cap{margin-top:8px}.elementor-widget-text-editor:not(.elementor-drop-cap-view-default) .elementor-drop-cap-letter{width:1em;height:1em}.elementor-widget-text-editor .elementor-drop-cap{float:left;text-align:center;line-height:1;font-size:50px}.elementor-widget-text-editor .elementor-drop-cap-letter{display:inline-block}<\/style>\t\t\t\t<p>Tu\u011f\u00e7e Ar\u0131\u00f6z is an artist of Circassian origin. She graduated from the Department of Art History at Hacettepe University in 2011. She began her professional career in various fields, particularly in art direction and documentary filmmaking, which were rooted in her early ambition to become a director. The visual and auditory experience she gained during this period laid the foundation for her contemporary art production. In her works, she employs various forms of expression such as oil painting, digital collage, manipulation, and video art. Over time, she began to evolve her artistic practice through technology, developing an interdisciplinary approach by integrating digital production tools and artificial intelligence into her art in a unique way.<\/p><p>In Ar\u0131\u00f6z\u2019s works, senses, memory, intuition, dreams, and subconscious imagery come to the forefront. By bringing together themes such as quantum physics, Sufism, collective rituals, sociophysics, and existence, she establishes multi-layered new relationships between the visible and the invisible. She seeks to transcend ordinary narratives of daily reality and aims to reveal, one by one, the truths hidden within emotions and symbolic memory. She describes the Art of Imperfection as the \u201cexcitement, secret, and humor\u201d of life.<\/p><p>Her first digital and recorded works entered the collection of the Dr. G\u00f6khan G\u00fcndo\u011fdu Museum. In 2023, she took part in group exhibitions at Taksim Art Gallery, Evin Art Gallery, Art\u0130stanbul Feshane, and 42 Maslak. In 2024, she held an online exhibition at Qartspace. Most recently, she participated in EArt Gallery\u2019s group exhibition titled \u201cThe Possibility of Exceptions.\u201d The exhibition will be on view throughout December 2025 and January 2026.<\/p><p>The artist\u2019s digital productions and AI-integrated works have attracted significant attention, particularly in Europe. She has received personal invitations to prominent international art events, including Paris Art Capital, Art Shopping \u2013 Carrousel du Louvre, Art3f Monaco \u2013 Contemporary Art Fair, and Milano Art Fair. Most recently, she opened her first solo exhibition, titled \u201cDigital Whispers of Memory,\u201d at Digitaliseum in Malm\u00f6, Sweden, following an invitation from the institution. The exhibition will be on display from December 2025 until the end of April 2026.<\/p>\t\t\t\t\t\t<\/div>\n\t\t\t\t<\/div>\n\t\t\t\t<div class=\"elementor-element elementor-element-5940ff0 elementor-widget elementor-widget-image\" data-id=\"5940ff0\" data-element_type=\"widget\" data-widget_type=\"image.default\">\n\t\t\t\t<div class=\"elementor-widget-container\">\n\t\t\t<style>\/*! elementor - v3.10.0 - 09-01-2023 *\/\n.elementor-widget-image{text-align:center}.elementor-widget-image a{display:inline-block}.elementor-widget-image a img[src$=\".svg\"]{width:48px}.elementor-widget-image img{vertical-align:middle;display:inline-block}<\/style>\t\t\t\t\t\t\t\t\t\t\t\t<img loading=\"lazy\" decoding=\"async\" width=\"600\" height=\"800\" src=\"https:\/\/tugcearioz.com\/wp-content\/uploads\/2024\/03\/IMG_1731-600x800.jpeg\" class=\"attachment-woocommerce_single size-woocommerce_single wp-image-733\" alt=\"\" srcset=\"https:\/\/tugcearioz.com\/wp-content\/uploads\/2024\/03\/IMG_1731-600x800.jpeg 600w, https:\/\/tugcearioz.com\/wp-content\/uploads\/2024\/03\/IMG_1731-225x300.jpeg 225w, https:\/\/tugcearioz.com\/wp-content\/uploads\/2024\/03\/IMG_1731-768x1024.jpeg 768w, https:\/\/tugcearioz.com\/wp-content\/uploads\/2024\/03\/IMG_1731-1152x1536.jpeg 1152w, https:\/\/tugcearioz.com\/wp-content\/uploads\/2024\/03\/IMG_1731-1536x2048.jpeg 1536w, https:\/\/tugcearioz.com\/wp-content\/uploads\/2024\/03\/IMG_1731-scaled.jpeg 1920w\" sizes=\"auto, (max-width: 600px) 100vw, 600px\" \/>\t\t\t\t\t\t\t\t\t\t\t\t\t\t\t<\/div>\n\t\t\t\t<\/div>\n\t\t\t\t\t<\/div>\n\t\t<\/div>\n\t\t\t\t\t\t\t<\/div>\n\t\t<\/section>\n\t\t\t\t<section class=\"elementor-section elementor-top-section elementor-element elementor-element-e582ac8 elementor-section-boxed elementor-section-height-default elementor-section-height-default\" data-id=\"e582ac8\" data-element_type=\"section\">\n\t\t\t\t\t\t<div class=\"elementor-container elementor-column-gap-default\">\n\t\t\t\t\t<div class=\"elementor-column elementor-col-25 elementor-top-column elementor-element elementor-element-2ff1949\" data-id=\"2ff1949\" data-element_type=\"column\">\n\t\t\t<div class=\"elementor-widget-wrap elementor-element-populated\">\n\t\t\t\t\t\t\t\t<div class=\"elementor-element elementor-element-2f6bb7f elementor-widget elementor-widget-image\" data-id=\"2f6bb7f\" data-element_type=\"widget\" data-widget_type=\"image.default\">\n\t\t\t\t<div class=\"elementor-widget-container\">\n\t\t\t\t\t\t\t\t\t\t\t\t\t\t\t<img loading=\"lazy\" decoding=\"async\" width=\"672\" height=\"896\" src=\"https:\/\/tugcearioz.com\/wp-content\/uploads\/2024\/04\/IMG_3555.jpeg\" class=\"attachment-large size-large wp-image-1145\" alt=\"\" srcset=\"https:\/\/tugcearioz.com\/wp-content\/uploads\/2024\/04\/IMG_3555.jpeg 672w, https:\/\/tugcearioz.com\/wp-content\/uploads\/2024\/04\/IMG_3555-225x300.jpeg 225w, https:\/\/tugcearioz.com\/wp-content\/uploads\/2024\/04\/IMG_3555-600x800.jpeg 600w\" sizes=\"auto, (max-width: 672px) 100vw, 672px\" \/>\t\t\t\t\t\t\t\t\t\t\t\t\t\t\t<\/div>\n\t\t\t\t<\/div>\n\t\t\t\t\t<\/div>\n\t\t<\/div>\n\t\t\t\t<div class=\"elementor-column elementor-col-25 elementor-top-column elementor-element elementor-element-ee9afd0\" data-id=\"ee9afd0\" data-element_type=\"column\">\n\t\t\t<div class=\"elementor-widget-wrap elementor-element-populated\">\n\t\t\t\t\t\t\t\t<div class=\"elementor-element elementor-element-de736ac elementor-widget elementor-widget-image\" data-id=\"de736ac\" data-element_type=\"widget\" data-widget_type=\"image.default\">\n\t\t\t\t<div class=\"elementor-widget-container\">\n\t\t\t\t\t\t\t\t\t\t\t\t\t\t\t<img loading=\"lazy\" decoding=\"async\" width=\"768\" height=\"1024\" src=\"https:\/\/tugcearioz.com\/wp-content\/uploads\/2024\/04\/IMG_3554-768x1024.jpeg\" class=\"attachment-large size-large wp-image-1143\" alt=\"\" srcset=\"https:\/\/tugcearioz.com\/wp-content\/uploads\/2024\/04\/IMG_3554-768x1025.jpeg 768w, https:\/\/tugcearioz.com\/wp-content\/uploads\/2024\/04\/IMG_3554-225x300.jpeg 225w, https:\/\/tugcearioz.com\/wp-content\/uploads\/2024\/04\/IMG_3554-600x800.jpeg 600w, https:\/\/tugcearioz.com\/wp-content\/uploads\/2024\/04\/IMG_3554.jpeg 844w\" sizes=\"auto, (max-width: 768px) 100vw, 768px\" \/>\t\t\t\t\t\t\t\t\t\t\t\t\t\t\t<\/div>\n\t\t\t\t<\/div>\n\t\t\t\t\t<\/div>\n\t\t<\/div>\n\t\t\t\t<div class=\"elementor-column elementor-col-25 elementor-top-column elementor-element elementor-element-9c205dd\" data-id=\"9c205dd\" data-element_type=\"column\">\n\t\t\t<div class=\"elementor-widget-wrap elementor-element-populated\">\n\t\t\t\t\t\t\t\t<div class=\"elementor-element elementor-element-5db87a7 elementor-widget elementor-widget-image\" data-id=\"5db87a7\" data-element_type=\"widget\" data-widget_type=\"image.default\">\n\t\t\t\t<div class=\"elementor-widget-container\">\n\t\t\t\t\t\t\t\t\t\t\t\t\t\t\t<img loading=\"lazy\" decoding=\"async\" width=\"768\" height=\"1024\" src=\"https:\/\/tugcearioz.com\/wp-content\/uploads\/2024\/04\/IMG_7024-768x1024.jpeg\" class=\"attachment-large size-large wp-image-1141\" alt=\"\" srcset=\"https:\/\/tugcearioz.com\/wp-content\/uploads\/2024\/04\/IMG_7024-768x1024.jpeg 768w, https:\/\/tugcearioz.com\/wp-content\/uploads\/2024\/04\/IMG_7024-225x300.jpeg 225w, https:\/\/tugcearioz.com\/wp-content\/uploads\/2024\/04\/IMG_7024-1152x1536.jpeg 1152w, https:\/\/tugcearioz.com\/wp-content\/uploads\/2024\/04\/IMG_7024-1536x2048.jpeg 1536w, https:\/\/tugcearioz.com\/wp-content\/uploads\/2024\/04\/IMG_7024-600x800.jpeg 600w, https:\/\/tugcearioz.com\/wp-content\/uploads\/2024\/04\/IMG_7024-scaled.jpeg 1920w\" sizes=\"auto, (max-width: 768px) 100vw, 768px\" \/>\t\t\t\t\t\t\t\t\t\t\t\t\t\t\t<\/div>\n\t\t\t\t<\/div>\n\t\t\t\t\t<\/div>\n\t\t<\/div>\n\t\t\t\t<div class=\"elementor-column elementor-col-25 elementor-top-column elementor-element elementor-element-d539df9\" data-id=\"d539df9\" data-element_type=\"column\">\n\t\t\t<div class=\"elementor-widget-wrap elementor-element-populated\">\n\t\t\t\t\t\t\t\t<div class=\"elementor-element elementor-element-7293aa8 elementor-widget elementor-widget-image\" data-id=\"7293aa8\" data-element_type=\"widget\" data-widget_type=\"image.default\">\n\t\t\t\t<div class=\"elementor-widget-container\">\n\t\t\t\t\t\t\t\t\t\t\t\t\t\t\t<img loading=\"lazy\" decoding=\"async\" width=\"768\" height=\"1024\" src=\"https:\/\/tugcearioz.com\/wp-content\/uploads\/2024\/04\/03FD7744-15F2-4446-B23E-B41E63D5067B-768x1024.jpeg\" class=\"attachment-large size-large wp-image-1144\" alt=\"\" srcset=\"https:\/\/tugcearioz.com\/wp-content\/uploads\/2024\/04\/03FD7744-15F2-4446-B23E-B41E63D5067B-768x1025.jpeg 768w, https:\/\/tugcearioz.com\/wp-content\/uploads\/2024\/04\/03FD7744-15F2-4446-B23E-B41E63D5067B-225x300.jpeg 225w, https:\/\/tugcearioz.com\/wp-content\/uploads\/2024\/04\/03FD7744-15F2-4446-B23E-B41E63D5067B-600x800.jpeg 600w, https:\/\/tugcearioz.com\/wp-content\/uploads\/2024\/04\/03FD7744-15F2-4446-B23E-B41E63D5067B.jpeg 958w\" sizes=\"auto, (max-width: 768px) 100vw, 768px\" \/>\t\t\t\t\t\t\t\t\t\t\t\t\t\t\t<\/div>\n\t\t\t\t<\/div>\n\t\t\t\t\t<\/div>\n\t\t<\/div>\n\t\t\t\t\t\t\t<\/div>\n\t\t<\/section>\n\t\t\t\t\t\t\t<\/div>\n\t\t","protected":false},"excerpt":{"rendered":"<p>Tu\u011f\u00e7e Ar\u0131\u00f6z is an artist of Circassian origin. She graduated from the Department of Art History at Hacettepe University in 2011. She began her professional career in various fields, particularly in art direction and documentary filmmaking, which were rooted in her early ambition to become a director. The visual and auditory experience she gained during &#8230; <a title=\"Biography\" class=\"read-more\" href=\"https:\/\/tugcearioz.com\/index.php\/biography\/\">Read more<span class=\"screen-reader-text\">Biography<\/span><\/a><\/p>\n","protected":false},"author":1,"featured_media":0,"parent":0,"menu_order":0,"comment_status":"closed","ping_status":"closed","template":"","meta":{"footnotes":""},"class_list":["post-29","page","type-page","status-publish"],"_links":{"self":[{"href":"https:\/\/tugcearioz.com\/index.php\/wp-json\/wp\/v2\/pages\/29","targetHints":{"allow":["GET"]}}],"collection":[{"href":"https:\/\/tugcearioz.com\/index.php\/wp-json\/wp\/v2\/pages"}],"about":[{"href":"https:\/\/tugcearioz.com\/index.php\/wp-json\/wp\/v2\/types\/page"}],"author":[{"embeddable":true,"href":"https:\/\/tugcearioz.com\/index.php\/wp-json\/wp\/v2\/users\/1"}],"replies":[{"embeddable":true,"href":"https:\/\/tugcearioz.com\/index.php\/wp-json\/wp\/v2\/comments?post=29"}],"version-history":[{"count":78,"href":"https:\/\/tugcearioz.com\/index.php\/wp-json\/wp\/v2\/pages\/29\/revisions"}],"predecessor-version":[{"id":1467,"href":"https:\/\/tugcearioz.com\/index.php\/wp-json\/wp\/v2\/pages\/29\/revisions\/1467"}],"wp:attachment":[{"href":"https:\/\/tugcearioz.com\/index.php\/wp-json\/wp\/v2\/media?parent=29"}],"curies":[{"name":"wp","href":"https:\/\/api.w.org\/{rel}","templated":true}]}}